{"id":469,"date":"2025-09-17T16:30:18","date_gmt":"2025-09-17T13:30:18","guid":{"rendered":"https:\/\/dirtyoldman.blog\/?page_id=469"},"modified":"2025-09-17T16:30:20","modified_gmt":"2025-09-17T13:30:20","slug":"finnish-stand-up","status":"publish","type":"page","link":"https:\/\/dirtyoldman.blog\/fi\/finnish-stand-up\/","title":{"rendered":"Suomi Stand Up"},"content":{"rendered":"<p><\/p>\n\n\n\n<div class=\"wp-block-group alignfull has-background-background-color has-background\" style=\"margin-top:0;margin-bottom:0;padding-top:var(--wp--preset--spacing--60);padding-right:var(--wp--preset--spacing--30);padding-bottom:var(--wp--preset--spacing--60);padding-left:var(--wp--preset--spacing--30)\"><div class=\"wp-block-group__inner-container is-layout-constrained wp-container-core-group-is-layout-392eb801 wp-block-group-is-layout-constrained\">\n<div class=\"wp-block-group\"><div class=\"wp-block-group__inner-container is-layout-constrained wp-block-group-is-layout-constrained\">\n<h2 class=\"wp-block-heading has-text-align-center has-large-font-size\">Suomalainen Stand Up skene<\/h2>\n\n\n\n<p class=\"has-text-align-center\" style=\"margin-top:16px\">(tulossa pian)<\/p>\n\n\n\n<figure class=\"wp-block-image size-large\"><img decoding=\"async\" width=\"1024\" height=\"683\" src=\"https:\/\/dirtyoldman.blog\/wp-content\/uploads\/2025\/09\/louis-smit-Cob2hJtJ8PY-unsplash-1024x683.jpg\" alt=\"\" class=\"wp-image-470\" srcset=\"https:\/\/dirtyoldman.blog\/wp-content\/uploads\/2025\/09\/louis-smit-Cob2hJtJ8PY-unsplash-1024x683.jpg 1024w, https:\/\/dirtyoldman.blog\/wp-content\/uploads\/2025\/09\/louis-smit-Cob2hJtJ8PY-unsplash-300x200.jpg 300w, https:\/\/dirtyoldman.blog\/wp-content\/uploads\/2025\/09\/louis-smit-Cob2hJtJ8PY-unsplash-768x512.jpg 768w, https:\/\/dirtyoldman.blog\/wp-content\/uploads\/2025\/09\/louis-smit-Cob2hJtJ8PY-unsplash-1536x1024.jpg 1536w, https:\/\/dirtyoldman.blog\/wp-content\/uploads\/2025\/09\/louis-smit-Cob2hJtJ8PY-unsplash-2048x1366.jpg 2048w, https:\/\/dirtyoldman.blog\/wp-content\/uploads\/2025\/09\/louis-smit-Cob2hJtJ8PY-unsplash-18x12.jpg 18w, https:\/\/dirtyoldman.blog\/wp-content\/uploads\/2025\/09\/louis-smit-Cob2hJtJ8PY-unsplash-1320x880.jpg 1320w\" sizes=\"(max-width: 1024px) 100vw, 1024px\" \/><\/figure>\n<\/div><\/div>\n\n\n\n<p>T\u00e4h\u00e4n on tulossa esittely Suomalaisesta Stand Up - Skenest\u00e4, lista Suomalaisista Stand Up koomikoista ja keikkapaikoista sek\u00e4 linkkej\u00e4 muihin Stand Up- sivustoihin<\/p>\n<\/div><\/div>\n\n\n\n<p><a href=\"https:\/\/www.standupsuomi.com\/\" target=\"_blank\" rel=\"noopener\">Ekkulin stand up keikkakalenteri<\/a><\/p>\n\n\n\n<p><a href=\"https:\/\/dirtyoldman.blog\/fi\/finnish-comedian-directory\/\" data-type=\"page\" data-id=\"377\">Lista suomalaisista stand up koomikoista<\/a><\/p>\n\n\n\n<p><a href=\"https:\/\/dirtyoldman.blog\/fi\/finnish-stand-up-gig-venues\/\">Suomalaisia stand up keikkapaikkoja<\/a><\/p>\n\n\n\n<p><\/p>","protected":false},"excerpt":{"rendered":"<p>Finnish Stand Up Scene (Coming soon) This page will feature an introduction to the Finnish stand-up scene, a list of Finnish stand-up comedians and venues, as well as links to other stand-up websites. Ekkuli&#8217;s stand up gig calendar List of stand up comedians List of stand up gig venues<\/p>","protected":false},"author":1,"featured_media":0,"parent":0,"menu_order":0,"comment_status":"closed","ping_status":"closed","template":"page-with-title","meta":{"pagelayer_contact_templates":[],"_pagelayer_content":"","_monsterinsights_skip_tracking":false,"_monsterinsights_sitenote_active":false,"_monsterinsights_sitenote_note":"","_monsterinsights_sitenote_category":0,"_uf_show_specific_survey":0,"_uf_disable_surveys":false,"footnotes":""},"class_list":["post-469","page","type-page","status-publish"],"_links":{"self":[{"href":"https:\/\/dirtyoldman.blog\/fi\/wp-json\/wp\/v2\/pages\/469","targetHints":{"allow":["GET"]}}],"collection":[{"href":"https:\/\/dirtyoldman.blog\/fi\/wp-json\/wp\/v2\/pages"}],"about":[{"href":"https:\/\/dirtyoldman.blog\/fi\/wp-json\/wp\/v2\/types\/page"}],"author":[{"embeddable":true,"href":"https:\/\/dirtyoldman.blog\/fi\/wp-json\/wp\/v2\/users\/1"}],"replies":[{"embeddable":true,"href":"https:\/\/dirtyoldman.blog\/fi\/wp-json\/wp\/v2\/comments?post=469"}],"version-history":[{"count":0,"href":"https:\/\/dirtyoldman.blog\/fi\/wp-json\/wp\/v2\/pages\/469\/revisions"}],"wp:attachment":[{"href":"https:\/\/dirtyoldman.blog\/fi\/wp-json\/wp\/v2\/media?parent=469"}],"curies":[{"name":"wp","href":"https:\/\/api.w.org\/{rel}","templated":true}]}}