{"id":429,"date":"2025-09-16T19:56:56","date_gmt":"2025-09-16T16:56:56","guid":{"rendered":"https:\/\/dirtyoldman.blog\/?page_id=429"},"modified":"2025-09-16T19:56:57","modified_gmt":"2025-09-16T16:56:57","slug":"add-gig-venue","status":"publish","type":"page","link":"https:\/\/dirtyoldman.blog\/fi\/add-gig-venue\/","title":{"rendered":"Lis\u00e4\u00e4 keikkapaikka"},"content":{"rendered":"<p>Jos tied\u00e4t suomalaisen stand up keikkapaikan, jota ei viel\u00e4 ole listalla, voit lis\u00e4t\u00e4 sen t\u00e4st\u00e4.<\/p>\n\n\n\n<p>Ei tarvitse olla t\u00e4ysp\u00e4iv\u00e4inen komediapaikka, kunhan silloin t\u00e4ll\u00f6in j\u00e4rjest\u00e4\u00e4 stand up keikkoja. <\/p>\n\n\n\n<p>T\u00e4yt\u00e4 allaoleva lomake - v\u00e4hint\u00e4\u00e4n nimi ja paikkakunta, webbisivu olisi my\u00f6s kiva (webbisivu, facebook, instagram jne), samoin lyhyt kuvaus. Suomeksi tai englanniksi.<\/p>\n\n\n\n<p>Kun olet l\u00e4hett\u00e4nyt tiedot, tarkistan ne ja lis\u00e4\u00e4n listalle muutaman p\u00e4iv\u00e4n kuluessa. L\u00e4het\u00e4n tiedon s\u00e4hk\u00f6postilla.<\/p>\n\n\n\n<p>Voit l\u00e4hett\u00e4\u00e4 tiedot my\u00f6s s\u00e4hk\u00f6postilla. info@dirtyoldman.blog<\/p>\n\n\n<div class='fluentform ff-default fluentform_wrapper_4 ffs_default_wrap'><form data-form_id=\"4\" id=\"fluentform_4\" class=\"frm-fluent-form fluent_form_4 ff-el-form-top ff_form_instance_4_1 ff-form-loading ffs_default\" data-form_instance=\"ff_form_instance_4_1\" method=\"POST\" action=\"\" ><fieldset  style=\"border: none!important;margin: 0!important;padding: 0!important;background-color: transparent!important;box-shadow: none!important;outline: none!important; min-inline-size: 100%;\">\n                    <legend class=\"ff_screen_reader_title\" style=\"display: block; margin: 0!important;padding: 0!important;height: 0!important;text-indent: -999999px;width: 0!important;overflow:hidden;\">Lis\u00e4\u00e4 keikkapaikka<\/legend><input type='hidden' name='__fluent_form_embded_post_id' value='429' \/><input type=\"hidden\" id=\"_fluentform_4_fluentformnonce\" name=\"_fluentform_4_fluentformnonce\" value=\"f111d610ef\" \/><input type=\"hidden\" name=\"_wp_http_referer\" value=\"\/fi\/wp-json\/wp\/v2\/pages\/429\" \/><div class='ff-el-group'><div class=\"ff-el-input--label ff-el-is-required asterisk-right\"><label for='ff_4_input_text' id='label_ff_4_input_text' aria-label=\"Keikkapaikan nimi\">Keikkapaikan nimi<\/label><\/div><div class='ff-el-input--content'><input type=\"text\" name=\"input_text\" class=\"ff-el-form-control\" data-name=\"input_text\" id=\"ff_4_input_text\"  aria-invalid=\"false\" aria-required=\"true\"><\/div><\/div><div class='ff-el-group'><div class=\"ff-el-input--label ff-el-is-required asterisk-right\"><label for='ff_4_input_text_1' id='label_ff_4_input_text_1' aria-label=\"Paikkakunta\">Paikkakunta<\/label><\/div><div class='ff-el-input--content'><input type=\"text\" name=\"input_text_1\" class=\"ff-el-form-control\" data-name=\"input_text_1\" id=\"ff_4_input_text_1\"  aria-invalid=\"false\" aria-required=\"true\"><\/div><\/div><div class='ff-el-group'><div class=\"ff-el-input--label asterisk-right\"><label for='ff_4_description' id='label_ff_4_description' aria-label=\"Kuvaus\">Kuvaus<\/label><\/div><div class='ff-el-input--content'><textarea aria-required=\"false\" aria-labelledby=\"label_ff_4_description\" name=\"description\" id=\"ff_4_description\" class=\"ff-el-form-control\" rows=\"3\" cols=\"2\" data-name=\"description\" ><\/textarea><\/div><\/div><div class='ff-el-group'><div class=\"ff-el-input--label asterisk-right\"><label for='ff_4_description_1' id='label_ff_4_description_1' aria-label=\"Linkit websivuille\">Linkit websivuille<\/label><\/div><div class='ff-el-input--content'><textarea aria-required=\"false\" aria-labelledby=\"label_ff_4_description_1\" name=\"description_1\" id=\"ff_4_description_1\" class=\"ff-el-form-control\" rows=\"3\" cols=\"2\" data-name=\"description_1\" ><\/textarea><\/div><\/div><div class='ff-el-group'><div class=\"ff-el-input--label ff-el-is-required asterisk-right\"><label   aria-label=\"Oletko paikan virallinen edustaja?\">Oletko paikan virallinen edustaja?<\/label><\/div><div class='ff-el-input--content'><div class='ff-el-form-check ff-el-form-check-'><label class='ff-el-form-check-label' for='input_radio_1d03a773ffdf4542d334b0a467875903'><input  type=\"radio\" name=\"input_radio\" data-name=\"input_radio\" class=\"ff-el-form-check-input ff-el-form-check-radio\" value=\"yes\"  id='input_radio_1d03a773ffdf4542d334b0a467875903' aria-label='Kyll\u00e4' aria-invalid='false' aria-required=\"true\"> <span>Kyll\u00e4<\/span><\/label><\/div><div class='ff-el-form-check ff-el-form-check-'><label class='ff-el-form-check-label' for='input_radio_4566df567baab07af98f1a11415a6ade'><input  type=\"radio\" name=\"input_radio\" data-name=\"input_radio\" class=\"ff-el-form-check-input ff-el-form-check-radio\" value=\"no\"  id='input_radio_4566df567baab07af98f1a11415a6ade' aria-label='Ei' aria-invalid='false' aria-required=\"true\"> <span>Ei<\/span><\/label><\/div><\/div><\/div><div class='ff-el-group'><div class=\"ff-el-input--label ff-el-is-required asterisk-right\"><label for='ff_4_email' id='label_ff_4_email' aria-label=\"S\u00e4hk\u00f6postisi\">S\u00e4hk\u00f6postisi<\/label><\/div><div class='ff-el-input--content'><input type=\"email\" name=\"email\" id=\"ff_4_email\" class=\"ff-el-form-control\" placeholder=\"S\u00e4hk\u00f6postiosoite\" data-name=\"email\"  aria-invalid=\"false\" aria-required=\"true\"><\/div><\/div><div class='ff-el-group ff-text-left ff_submit_btn_wrapper'><button type=\"submit\" class=\"ff-btn ff-btn-submit ff-btn-md ff_btn_style\"  aria-label=\"L\u00e4het\u00e4\">L\u00e4het\u00e4<\/button><\/div><\/fieldset><input type=\"hidden\" name=\"trp-form-language\" value=\"fi\"\/><\/form><div id='fluentform_4_errors' class='ff-errors-in-stack ff_form_instance_4_1 ff-form-loading_errors ff_form_instance_4_1_errors'><\/div><\/div>            <script type=\"text\/javascript\">\n                window.fluent_form_ff_form_instance_4_1 = {\"id\":\"4\",\"settings\":{\"layout\":{\"labelPlacement\":\"top\",\"asteriskPlacement\":\"asterisk-right\",\"helpMessagePlacement\":\"with_label\",\"errorMessagePlacement\":\"inline\",\"cssClassName\":\"\"},\"restrictions\":{\"denyEmptySubmission\":{\"enabled\":false}}},\"form_instance\":\"ff_form_instance_4_1\",\"form_id_selector\":\"fluentform_4\",\"rules\":{\"input_text\":{\"required\":{\"value\":true,\"message\":\"This field is required\",\"global_message\":\"This field is required\",\"global\":true}},\"input_text_1\":{\"required\":{\"value\":true,\"message\":\"This field is required\",\"global_message\":\"This field is required\",\"global\":true}},\"description\":{\"required\":{\"value\":false,\"message\":\"This field is required\",\"global_message\":\"This field is required\",\"global\":true}},\"description_1\":{\"required\":{\"value\":false,\"message\":\"This field is required\",\"global_message\":\"This field is required\",\"global\":true}},\"input_radio\":{\"required\":{\"value\":true,\"message\":\"This field is required\",\"global_message\":\"This field is required\",\"global\":true}},\"email\":{\"required\":{\"value\":true,\"message\":\"This field is required\",\"global_message\":\"This field is required\",\"global\":true},\"email\":{\"value\":true,\"message\":\"This field must contain a valid email\",\"global_message\":\"This field must contain a valid email\",\"global\":true}}},\"debounce_time\":300};\n                            <\/script>","protected":false},"excerpt":{"rendered":"<p>If you know a Finnish comedy gig venue, that isn&#8217;t on our list, you can add it here. Doesn&#8217;t have to be full time comedy place, as long as hosts stand up gigs now and then. Fill in the form below &#8211; at least a name and city, website would be nice (may be website, &#8230; <a title=\"Lis\u00e4\u00e4 keikkapaikka\" class=\"read-more\" href=\"https:\/\/dirtyoldman.blog\/fi\/add-gig-venue\/\" aria-label=\"Lue lis\u00e4\u00e4 aiheesta Add gig venue\">Lue lis\u00e4\u00e4<\/a><\/p>","protected":false},"author":1,"featured_media":0,"parent":0,"menu_order":0,"comment_status":"closed","ping_status":"closed","template":"page-with-title","meta":{"pagelayer_contact_templates":[],"_pagelayer_content":"","_monsterinsights_skip_tracking":false,"_monsterinsights_sitenote_active":false,"_monsterinsights_sitenote_note":"","_monsterinsights_sitenote_category":0,"_uf_show_specific_survey":0,"_uf_disable_surveys":false,"footnotes":""},"class_list":["post-429","page","type-page","status-publish"],"_links":{"self":[{"href":"https:\/\/dirtyoldman.blog\/fi\/wp-json\/wp\/v2\/pages\/429","targetHints":{"allow":["GET"]}}],"collection":[{"href":"https:\/\/dirtyoldman.blog\/fi\/wp-json\/wp\/v2\/pages"}],"about":[{"href":"https:\/\/dirtyoldman.blog\/fi\/wp-json\/wp\/v2\/types\/page"}],"author":[{"embeddable":true,"href":"https:\/\/dirtyoldman.blog\/fi\/wp-json\/wp\/v2\/users\/1"}],"replies":[{"embeddable":true,"href":"https:\/\/dirtyoldman.blog\/fi\/wp-json\/wp\/v2\/comments?post=429"}],"version-history":[{"count":0,"href":"https:\/\/dirtyoldman.blog\/fi\/wp-json\/wp\/v2\/pages\/429\/revisions"}],"wp:attachment":[{"href":"https:\/\/dirtyoldman.blog\/fi\/wp-json\/wp\/v2\/media?parent=429"}],"curies":[{"name":"wp","href":"https:\/\/api.w.org\/{rel}","templated":true}]}}