{"id":323,"date":"2025-09-08T13:58:24","date_gmt":"2025-09-08T10:58:24","guid":{"rendered":"https:\/\/dirtyoldman.blog\/?page_id=323"},"modified":"2025-09-09T00:16:09","modified_gmt":"2025-09-08T21:16:09","slug":"under-the-hood-of-my-blog","status":"publish","type":"page","link":"https:\/\/dirtyoldman.blog\/fi\/under-the-hood-of-my-blog\/","title":{"rendered":"Blogini konepellin alla"},"content":{"rendered":"<p><\/p>\n\n\n\n<div class=\"wp-block-group alignfull has-background-background-color has-background\" style=\"margin-top:0;margin-bottom:0;padding-top:var(--wp--preset--spacing--60);padding-right:var(--wp--preset--spacing--30);padding-bottom:var(--wp--preset--spacing--60);padding-left:var(--wp--preset--spacing--30)\"><div class=\"wp-block-group__inner-container is-layout-constrained wp-container-core-group-is-layout-512a02c9 wp-block-group-is-layout-constrained\">\n<div class=\"wp-block-columns alignwide are-vertically-aligned-center is-layout-flex wp-container-core-columns-is-layout-3da6863c wp-block-columns-is-layout-flex\">\n<div class=\"wp-block-column is-vertically-aligned-center is-layout-flow wp-block-column-is-layout-flow\">\n<figure class=\"wp-block-image size-large\"><img decoding=\"async\" width=\"1024\" height=\"1024\" src=\"https:\/\/dirtyoldman.blog\/wp-content\/uploads\/2025\/09\/bald_man_standing_in_beige_trench-1024x1024.jpeg\" alt=\"\" class=\"wp-image-325\" srcset=\"https:\/\/dirtyoldman.blog\/wp-content\/uploads\/2025\/09\/bald_man_standing_in_beige_trench-1024x1024.jpeg 1024w, https:\/\/dirtyoldman.blog\/wp-content\/uploads\/2025\/09\/bald_man_standing_in_beige_trench-300x300.jpeg 300w, https:\/\/dirtyoldman.blog\/wp-content\/uploads\/2025\/09\/bald_man_standing_in_beige_trench-150x150.jpeg 150w, https:\/\/dirtyoldman.blog\/wp-content\/uploads\/2025\/09\/bald_man_standing_in_beige_trench-768x768.jpeg 768w, https:\/\/dirtyoldman.blog\/wp-content\/uploads\/2025\/09\/bald_man_standing_in_beige_trench-12x12.jpeg 12w, https:\/\/dirtyoldman.blog\/wp-content\/uploads\/2025\/09\/bald_man_standing_in_beige_trench.jpeg 1280w\" sizes=\"(max-width: 1024px) 100vw, 1024px\" \/><\/figure>\n<\/div>\n\n\n\n<div class=\"wp-block-column is-vertically-aligned-center is-layout-flow wp-block-column-is-layout-flow\">\n<div class=\"wp-block-group alignwide is-content-justification-left\" style=\"margin-bottom:var(--wp--preset--spacing--40)\"><div class=\"wp-block-group__inner-container is-layout-constrained wp-container-core-group-is-layout-f7a61ec2 wp-block-group-is-layout-constrained\">\n<h2 class=\"wp-block-heading has-large-font-size\"><strong>Blogini konepellin alla: Tekninen kokoonpano, jossa on enemm\u00e4n lis\u00e4osia kuin DJ:ll\u00e4 miksausp\u00f6yd\u00e4ss\u00e4<\/strong><\/h2>\n\n\n\n<p style=\"margin-top:16px\">Haluatko tiet\u00e4\u00e4, mik\u00e4 py\u00f6ritt\u00e4\u00e4 sivustoani? Pid\u00e4 kiinni, sill\u00e4 t\u00e4m\u00e4 WordPress-moottori on viritetty kuin Formula 1 -auto kofeiinip\u00f6llyss\u00e4.<\/p>\n\n\n\n<p><strong>Hosting &amp; Ydin<\/strong><\/p>\n\n\n\n<ul class=\"wp-block-list\">\n<li><strong>WordPress<\/strong>: No totta kai.<\/li>\n\n\n\n<li><strong>\u2022\tNamecheap-hostaus<\/strong>: Edullinen, luotettava, eik\u00e4 kyykk\u00e4\u00e4 kun liikenne kasvaa.<\/li>\n<\/ul>\n\n\n\n<p><strong>S\u00e4hk\u00f6postit &amp; Uutiskirjeet<\/strong><\/p>\n\n\n\n<ul class=\"wp-block-list\">\n<li><strong>MailPoet<\/strong>: Postilaatikkoni ty\u00f6juhta. L\u00e4hett\u00e4\u00e4 uutiskirjeet, automaatiot ja muut s\u00e4hk\u00f6postit ilman hikipisaraa.<\/li>\n<\/ul>\n\n\n\n<p><strong>SEO, joka oikeasti toimii<\/strong><\/p>\n\n\n\n<ul class=\"wp-block-list\">\n<li><strong>Rank Math<\/strong>: Hoitaa kaiken SEO-taikuuden. 404-seuranta ja <strong>rikkin\u00e4isten linkkien uudelleenohjaus?<\/strong> T\u00e4ydellinen. Ei en\u00e4\u00e4 404-h\u00e4pe\u00e4\u00e4. Siirtyminen vanhasta SEO-lis\u00e4osasta oli helppoa \u2013 Rank Math tuo vanhat asetukset mukanaan ja olet heti valmis.<\/li>\n\n\n\n<li><strong>Tykk\u00e4\u00e4n siit\u00e4 niin paljon, ett\u00e4 liityin heid\u00e4n affiliate-ohjelmaan:<\/strong>klikkaa t\u00e4t\u00e4 linkki\u00e4 <a href=\"https:\/\/rankmath.com\/?ref=janparviainen\" target=\"_blank\" rel=\"noreferrer noopener nofollow sponsored\"><strong>RankMath<\/strong><\/a> tsekkaa se, ja jos ostat PRO-version (ilmainenkin versio l\u00f6ytyy), saan pienen komission \u2013 win-win!<\/li>\n<\/ul>\n\n\n\n<p><strong>Analytiikka &amp; Liikenteen vakoilu<\/strong><\/p>\n\n\n\n<ul class=\"wp-block-list\">\n<li><strong>Google Analytics<\/strong>: Koska haluan tiet\u00e4\u00e4, kuka hiippailee sivuillani.<\/li>\n\n\n\n<li><strong>Microsoft Clarity<\/strong>: L\u00e4mp\u00f6karttoja ja raivoklikkauksia \u2013 kyll\u00e4, ihmiset oikeasti klikkaavat raivolla.<\/li>\n\n\n\n<li><strong>WP Visitor Traffic Plugin<\/strong>: Kolmas silm\u00e4ni reaaliaikaiseen liikenteeseen.<\/li>\n<\/ul>\n\n\n\n<p><strong>Googlen palvelut<\/strong><\/p>\n\n\n\n<ul class=\"wp-block-list\">\n<li><strong>Google Site Kit<\/strong>: Yksi lis\u00e4osa hallitsee kaiken \u2013 Search Console, Analytics, AdSense ja kumppanit.<\/li>\n<\/ul>\n\n\n\n<p><strong>Hakukoneille ilmoittaminen<\/strong><\/p>\n\n\n\n<ul class=\"wp-block-list\">\n<li><strong>IndexNow Plugin<\/strong>: Ty\u00f6nt\u00e4\u00e4 uudet sivut hakukoneille nopeammin kuin ehdin sanoa \u201ccrawl me maybe\u201d.<\/li>\n<\/ul>\n\n\n\n<p><strong>WP Admin<\/strong><\/p>\n\n\n\n<ul class=\"wp-block-list\">\n<li><strong>Adminify<\/strong>: Saa wp-adminin tuntumaan v\u00e4hemm\u00e4n Excelilt\u00e4 ja enemm\u00e4n ohjaamolta.<\/li>\n\n\n\n<li><strong>CookieAdmin<\/strong>: hoitaa GDPR-ev\u00e4steet helposti kuin portsari minut ulos baarista.<\/li>\n<\/ul>\n\n\n\n<p><strong>Suorituskyky &amp; Optimointi<\/strong><\/p>\n\n\n\n<ul class=\"wp-block-list\">\n<li><strong>LiteSpeed Cache<\/strong>: Antaa sivustolle nitrobuustin.<\/li>\n\n\n\n<li><strong>Smush<\/strong>: Puristaa kuvat pieniksi ilman ett\u00e4 ne n\u00e4ytt\u00e4v\u00e4t pikselim\u00f6ss\u00f6lt\u00e4.<\/li>\n<\/ul>\n\n\n\n<p><strong>Turvallisuus &amp; Roskapostin torjunta<\/strong><\/p>\n\n\n\n<ul class=\"wp-block-list\">\n<li><strong>Wordfence<\/strong>Digitaalinen palomuurininja.<\/li>\n\n\n\n<li><strong>Akismet<\/strong>: Torjuu roskapostin niin tehokkaasti, ett\u00e4 v\u00e4lill\u00e4 unohdan kommenttiosion olemassaolon. (Ilman sit\u00e4 blogini olisi sp\u00e4mmibuffetti.)<\/li>\n<\/ul>\n\n\n\n<p><strong>Monikielisyys<\/strong><\/p>\n\n\n\n<ul class=\"wp-block-list\">\n<li><strong>TranslatePress<\/strong>: Saa sivustoni puhumaan useita kieli\u00e4 \u2013 k\u00e4\u00e4nn\u00e4n tekstit itse, mutta plugin mahdollistaa kielenvaihdon lennossa k\u00e4vij\u00f6ille.<\/li>\n<\/ul>\n\n\n\n<p><strong>Koodit &amp; R\u00e4\u00e4t\u00e4l\u00f6inti<\/strong><\/p>\n\n\n\n<ul class=\"wp-block-list\">\n<li><strong>WP Code Lite<\/strong>: Saan lis\u00e4tty\u00e4 koodia headeriin ja footeriin kuin ninja. K\u00e4yt\u00e4n l\u00e4hinn\u00e4 omistajuuden vahvistamiseen ulkoisten palvelujen kanssa ja muihin n\u00f6rttirituaaleihin.<\/li>\n<\/ul>\n\n\n\n<p><strong>AI Assistant &amp; Onboarding<\/strong><\/p>\n\n\n\n<ul class=\"wp-block-list\">\n<li><strong>Extendify WordPress Onboarding + AI Assistant<\/strong>: Tulee teemani mukana ja auttaa luomaan sivuja tai s\u00e4\u00e4t\u00e4m\u00e4\u00e4n ulkoasua, kun laiskottaa tai iskee valinnanvaikeus.<\/li>\n<\/ul>\n\n\n\n<p><strong>Teema<\/strong><\/p>\n\n\n\n<ul class=\"wp-block-list\">\n<li><strong>Extendable<\/strong>: Block-pohjainen teema, joka on yht\u00e4 joustava kuin joogaohjaaja. Rohkea, boheemi, minimalistinen \u2013 mik\u00e4 fiilis tahansa, l\u00f6ytyy tyyli.<\/li>\n<\/ul>\n\n\n\n<p style=\"margin-top:16px\">Eli joo, sivustollani on enemm\u00e4n lis\u00e4osia kuin teinipojan Bemarissa. Mutta jokainen niist\u00e4 ansaitsee paikkansa. Jos olet bloggaaja ja haluat hioa omaa kokoonpanoasi tai vain fiilistell\u00e4 WordPress-ty\u00f6kaluja, olen aina valmis vertailemaan plugin-pinoja. Laita viesti\u00e4: jan@dirtyoldman.blog. <a href=\"mailto:jan@dirtyoldman.blog\" rel=\"nofollow\">jan@dirtyoldman.blog<\/a><\/p>\n<\/div><\/div>\n<\/div>\n<\/div>\n\n\n\n<p>PS: Tsekkaa my\u00f6s toinen saitti, jota rakennan: <a href=\"https:\/\/europeexpedition.com\" target=\"_blank\" rel=\"noopener\">EuropeExpedition.com<\/a><\/p>\n<\/div><\/div>","protected":false},"excerpt":{"rendered":"<p>Under the Hood of My Blog: A Tech Stack That\u2019s Got More Plugins Than a DJ Booth So, you want to know what powers my site? Buckle up, because this WordPress engine is tuned like a Formula 1 car with a caffeine addiction. Hosting &amp; Core Email &amp; Newsletters SEO That Actually Works Analytics &amp; &#8230; <a title=\"Blogini konepellin alla\" class=\"read-more\" href=\"https:\/\/dirtyoldman.blog\/fi\/under-the-hood-of-my-blog\/\" aria-label=\"Lue lis\u00e4\u00e4 aiheesta Under the Hood of My Blog\">Lue lis\u00e4\u00e4<\/a><\/p>","protected":false},"author":1,"featured_media":0,"parent":0,"menu_order":0,"comment_status":"closed","ping_status":"closed","template":"page-with-title","meta":{"pagelayer_contact_templates":[],"_pagelayer_content":"","_monsterinsights_skip_tracking":false,"_monsterinsights_sitenote_active":false,"_monsterinsights_sitenote_note":"","_monsterinsights_sitenote_category":0,"_uf_show_specific_survey":0,"_uf_disable_surveys":false,"footnotes":""},"class_list":["post-323","page","type-page","status-publish"],"_links":{"self":[{"href":"https:\/\/dirtyoldman.blog\/fi\/wp-json\/wp\/v2\/pages\/323","targetHints":{"allow":["GET"]}}],"collection":[{"href":"https:\/\/dirtyoldman.blog\/fi\/wp-json\/wp\/v2\/pages"}],"about":[{"href":"https:\/\/dirtyoldman.blog\/fi\/wp-json\/wp\/v2\/types\/page"}],"author":[{"embeddable":true,"href":"https:\/\/dirtyoldman.blog\/fi\/wp-json\/wp\/v2\/users\/1"}],"replies":[{"embeddable":true,"href":"https:\/\/dirtyoldman.blog\/fi\/wp-json\/wp\/v2\/comments?post=323"}],"version-history":[{"count":0,"href":"https:\/\/dirtyoldman.blog\/fi\/wp-json\/wp\/v2\/pages\/323\/revisions"}],"wp:attachment":[{"href":"https:\/\/dirtyoldman.blog\/fi\/wp-json\/wp\/v2\/media?parent=323"}],"curies":[{"name":"wp","href":"https:\/\/api.w.org\/{rel}","templated":true}]}}