{"id":3,"date":"2025-09-03T09:14:51","date_gmt":"2025-09-03T09:14:51","guid":{"rendered":"https:\/\/dirtyoldman.blog\/?page_id=3"},"modified":"2025-10-15T14:12:23","modified_gmt":"2025-10-15T11:12:23","slug":"privacy-policy","status":"publish","type":"page","link":"https:\/\/dirtyoldman.blog\/fi\/about\/privacy-policy\/","title":{"rendered":"Tietosuojak\u00e4yt\u00e4nt\u00f6"},"content":{"rendered":"<h2 class=\"wp-block-heading\">Keit\u00e4 olemme<\/h2>\n\n\n\n<p>Verkkosivustomme osoite on: https:\/\/dirtyoldman.blog<\/p>\n\n\n\n<h2 class=\"wp-block-heading\">Kommentit<\/h2>\n\n\n\n<p>Kun k\u00e4vij\u00e4t j\u00e4tt\u00e4v\u00e4t kommentteja sivustolle, ker\u00e4\u00e4mme kommenttilomakkeessa n\u00e4kyv\u00e4t tiedot sek\u00e4 k\u00e4vij\u00e4n IP-osoitteen ja selaimen k\u00e4ytt\u00e4j\u00e4agentin roskapostin tunnistamisen helpottamiseksi.<\/p>\n\n\n\n<p>S\u00e4hk\u00f6postiosoitteestasi luotu anonymisoitu merkkijono (ns. hash) voidaan toimittaa Gravatar-palveluun, jotta voidaan tarkistaa, k\u00e4yt\u00e4tk\u00f6 palvelua. Gravatar-palvelun tietosuojak\u00e4yt\u00e4nt\u00f6 on saatavilla osoitteessa: https:\/\/automattic.com\/privacy\/. Kun kommenttisi on hyv\u00e4ksytty, profiilikuvasi n\u00e4kyy julkisesti kommenttisi yhteydess\u00e4.<\/p>\n\n\n\n<h2 class=\"wp-block-heading\">Media<\/h2>\n\n\n\n<p>Jos lataat kuvia verkkosivustolle, v\u00e4lt\u00e4 kuvien lataamista, jos niiss\u00e4 on sijaintitietoja (EXIF GPS). Sivuston k\u00e4vij\u00e4t voivat ladata ja poimia sijaintitietoja kuvista.<\/p>\n\n\n\n<h2 class=\"wp-block-heading\">Ev\u00e4steet<\/h2>\n\n\n\n<p><strong class=\"privacy-policy-tutorial\"> <\/strong>Jos j\u00e4t\u00e4t kommentin sivustollemme, voit halutessasi tallentaa nimesi, s\u00e4hk\u00f6postiosoitteesi ja verkkosivustosi ev\u00e4steisiin. T\u00e4m\u00e4 on tarkoitettu k\u00e4ytt\u00f6mukavuuden vuoksi, jotta sinun ei tarvitse t\u00e4ytt\u00e4\u00e4 tietojasi uudelleen, kun j\u00e4t\u00e4t toisen kommentin. N\u00e4m\u00e4 ev\u00e4steet s\u00e4ilyv\u00e4t vuoden ajan.<\/p>\n\n\n\n<p>Jos vierailet kirjautumissivullamme, asetamme v\u00e4liaikaisen ev\u00e4steen, jolla tarkistetaan, hyv\u00e4ksyyk\u00f6 selaimesi ev\u00e4steet. T\u00e4m\u00e4 ev\u00e4ste ei sis\u00e4ll\u00e4 henkil\u00f6tietoja ja poistetaan, kun suljet selaimesi.<\/p>\n\n\n\n<p>Kun kirjaudut sis\u00e4\u00e4n, asetamme useita ev\u00e4steit\u00e4 tallentaaksemme kirjautumistietosi ja n\u00e4ytt\u00f6asetuksesi. Kirjautumisev\u00e4steet s\u00e4ilyv\u00e4t kaksi p\u00e4iv\u00e4\u00e4 ja n\u00e4ytt\u00f6asetusev\u00e4steet vuoden. Jos valitset \"Muista minut\", kirjautumisesi s\u00e4ilyy kaksi viikkoa. Kun kirjaudut ulos tililt\u00e4si, kirjautumisev\u00e4steet poistetaan.<\/p>\n\n\n\n<p>Jos muokkaat tai julkaiset artikkelin, selaimeesi tallennetaan ylim\u00e4\u00e4r\u00e4inen ev\u00e4ste. T\u00e4m\u00e4 ev\u00e4ste ei sis\u00e4ll\u00e4 henkil\u00f6tietoja ja osoittaa vain muokkaamasi artikkelin tunnisteen. Se vanhenee yhden p\u00e4iv\u00e4n kuluttua.<\/p>\n\n\n\n<h2 class=\"wp-block-heading\">Upotettu sis\u00e4lt\u00f6 muilta verkkosivustoilta<\/h2>\n\n\n\n<p>Sivuston artikkelit voivat sis\u00e4lt\u00e4\u00e4 upotettua sis\u00e4lt\u00f6\u00e4 (esim. videoita, kuvia, artikkeleita jne.). Upotettu sis\u00e4lt\u00f6 muilta verkkosivustoilta toimii samalla tavalla kuin jos k\u00e4vij\u00e4 olisi vieraillut kyseisell\u00e4 verkkosivustolla.<\/p>\n\n\n\n<p>N\u00e4m\u00e4 verkkosivustot voivat ker\u00e4t\u00e4 tietoja sinusta, k\u00e4ytt\u00e4\u00e4 ev\u00e4steit\u00e4, upottaa kolmannen osapuolen seurantaa ja seurata vuorovaikutustasi upotetun sis\u00e4ll\u00f6n kanssa, mukaan lukien vuorovaikutuksen seuranta, jos sinulla on tili ja olet kirjautunut kyseiselle verkkosivustolle.<\/p>\n\n\n\n<h2 class=\"wp-block-heading\">Kenelle jaamme tietosi<\/h2>\n\n\n\n<p><strong class=\"privacy-policy-tutorial\"> <\/strong>Jos pyyd\u00e4t salasanan palauttamista, IP-osoitteesi sis\u00e4llytet\u00e4\u00e4n palautuss\u00e4hk\u00f6postiin.<\/p>\n\n\n\n<h2 class=\"wp-block-heading\">Kuinka kauan s\u00e4ilyt\u00e4mme tietosi<\/h2>\n\n\n\n<p>Jos j\u00e4t\u00e4t kommentin, kommentti ja sen metatiedot s\u00e4ilytet\u00e4\u00e4n toistaiseksi. T\u00e4m\u00e4 mahdollistaa sen, ett\u00e4 voimme tunnistaa ja hyv\u00e4ksy\u00e4 jatkokommentit automaattisesti sen sijaan, ett\u00e4 ne pidett\u00e4isiin moderointijonossa.<\/p>\n\n\n\n<p>Jos rekister\u00f6idyt verkkosivustollemme (jos mahdollista), tallennamme my\u00f6s k\u00e4ytt\u00e4j\u00e4profiiliisi antamasi henkil\u00f6tiedot. Kaikki k\u00e4ytt\u00e4j\u00e4t voivat n\u00e4hd\u00e4, muokata tai poistaa henkil\u00f6tietonsa milloin tahansa (k\u00e4ytt\u00e4j\u00e4tunnusta ei voi muuttaa). Verkkosivuston yll\u00e4pit\u00e4j\u00e4t voivat my\u00f6s n\u00e4hd\u00e4 ja muokata n\u00e4it\u00e4 tietoja.<\/p>\n\n\n\n<h2 class=\"wp-block-heading\">Mit\u00e4 oikeuksia sinulla on tietoihisi<\/h2>\n\n\n\n<p>Jos sinulla on tili t\u00e4ll\u00e4 sivustolla tai olet j\u00e4tt\u00e4nyt kommentteja, voit pyyt\u00e4\u00e4 tiedostoa, joka sis\u00e4lt\u00e4\u00e4 sinusta tallentamamme henkil\u00f6tiedot, mukaan lukien kaikki meille antamasi tiedot. Voit my\u00f6s pyyt\u00e4\u00e4 meit\u00e4 poistamaan sinusta tallentamamme henkil\u00f6tiedot. T\u00e4m\u00e4 ei koske tietoja, joita meid\u00e4n on s\u00e4ilytett\u00e4v\u00e4 hallinnollisista, oikeudellisista tai turvallisuussyist\u00e4.<\/p>\n\n\n\n<h2 class=\"wp-block-heading\">Minne tietosi l\u00e4hetet\u00e4\u00e4n<\/h2>\n\n\n\n<p>K\u00e4vij\u00f6iden kommentit voidaan tarkistaa automaattisen roskapostin tunnistuspalvelun avulla.<\/p>","protected":false},"excerpt":{"rendered":"<p>Who we are Our website address is: https:\/\/dirtyoldman.blog. Comments When visitors leave comments on the site we collect the data shown in the comments form, and also the visitor\u2019s IP address and browser user agent string to help spam detection. An anonymized string created from your email address (also called a hash) may be provided &#8230; <a title=\"Tietosuojak\u00e4yt\u00e4nt\u00f6\" class=\"read-more\" href=\"https:\/\/dirtyoldman.blog\/fi\/about\/privacy-policy\/\" aria-label=\"Lue lis\u00e4\u00e4 aiheesta Privacy Policy\">Lue lis\u00e4\u00e4<\/a><\/p>","protected":false},"author":1,"featured_media":0,"parent":23,"menu_order":0,"comment_status":"closed","ping_status":"closed","template":"","meta":{"pagelayer_contact_templates":[],"_pagelayer_content":"","_monsterinsights_skip_tracking":false,"_monsterinsights_sitenote_active":false,"_monsterinsights_sitenote_note":"","_monsterinsights_sitenote_category":0,"_uf_show_specific_survey":0,"_uf_disable_surveys":false,"footnotes":""},"class_list":["post-3","page","type-page","status-publish"],"_links":{"self":[{"href":"https:\/\/dirtyoldman.blog\/fi\/wp-json\/wp\/v2\/pages\/3","targetHints":{"allow":["GET"]}}],"collection":[{"href":"https:\/\/dirtyoldman.blog\/fi\/wp-json\/wp\/v2\/pages"}],"about":[{"href":"https:\/\/dirtyoldman.blog\/fi\/wp-json\/wp\/v2\/types\/page"}],"author":[{"embeddable":true,"href":"https:\/\/dirtyoldman.blog\/fi\/wp-json\/wp\/v2\/users\/1"}],"replies":[{"embeddable":true,"href":"https:\/\/dirtyoldman.blog\/fi\/wp-json\/wp\/v2\/comments?post=3"}],"version-history":[{"count":1,"href":"https:\/\/dirtyoldman.blog\/fi\/wp-json\/wp\/v2\/pages\/3\/revisions"}],"predecessor-version":[{"id":1400,"href":"https:\/\/dirtyoldman.blog\/fi\/wp-json\/wp\/v2\/pages\/3\/revisions\/1400"}],"up":[{"embeddable":true,"href":"https:\/\/dirtyoldman.blog\/fi\/wp-json\/wp\/v2\/pages\/23"}],"wp:attachment":[{"href":"https:\/\/dirtyoldman.blog\/fi\/wp-json\/wp\/v2\/media?parent=3"}],"curies":[{"name":"wp","href":"https:\/\/api.w.org\/{rel}","templated":true}]}}