{"id":28,"date":"2025-09-03T09:20:15","date_gmt":"2025-09-03T09:20:15","guid":{"rendered":"https:\/\/dirtyoldman.blog\/home\/"},"modified":"2025-10-15T14:52:33","modified_gmt":"2025-10-15T11:52:33","slug":"home","status":"publish","type":"page","link":"https:\/\/dirtyoldman.blog\/fi\/","title":{"rendered":"Home"},"content":{"rendered":"<div class=\"wp-block-group has-background-background-color has-background is-nowrap is-layout-flex wp-container-core-group-is-layout-841618a3 wp-block-group-is-layout-flex\" style=\"border-top-width:1px;margin-top:0;margin-bottom:0;padding-top:var(--wp--preset--spacing--50);padding-bottom:var(--wp--preset--spacing--60)\">\n<div class=\"wp-block-group alignwide is-vertical is-layout-flex wp-container-core-group-is-layout-8cf370e7 wp-block-group-is-layout-flex\">\n<div class=\"wp-block-group alignwide is-content-justification-left\"><div class=\"wp-block-group__inner-container is-layout-constrained wp-container-core-group-is-layout-8c890d92 wp-block-group-is-layout-constrained\">\n<h2 class=\"wp-block-heading\">Universumin hauskin blogi?<\/h2>\n\n\n\n<p style=\"margin-top:16px\">Her\u00e4tt\u00e4nyt pahennusta vuodesta 2020<\/p>\n<\/div><\/div>\n<\/div>\n<\/div>\n\n\n\n<div class=\"wp-block-columns is-layout-flex wp-container-core-columns-is-layout-9d6595d7 wp-block-columns-is-layout-flex\">\n<div class=\"wp-block-column is-layout-flow wp-block-column-is-layout-flow\" style=\"flex-basis:100%\">\n<div class=\"wp-block-group alignfull has-tertiary-background-color has-background\" style=\"border-top-width:1px;margin-top:0;margin-bottom:0;padding-top:var(--wp--preset--spacing--60);padding-right:var(--wp--preset--spacing--30);padding-bottom:var(--wp--preset--spacing--60);padding-left:var(--wp--preset--spacing--30)\"><div class=\"wp-block-group__inner-container is-layout-constrained wp-container-core-group-is-layout-7743eedf wp-block-group-is-layout-constrained\">\n<div class=\"wp-block-columns alignwide are-vertically-aligned-center is-layout-flex wp-container-core-columns-is-layout-3da6863c wp-block-columns-is-layout-flex\">\n<div class=\"wp-block-column is-vertically-aligned-center is-layout-flow wp-block-column-is-layout-flow\">\n<div class=\"wp-block-group alignwide is-content-justification-left\" style=\"margin-bottom:var(--wp--preset--spacing--40)\"><div class=\"wp-block-group__inner-container is-layout-constrained wp-container-core-group-is-layout-f7a61ec2 wp-block-group-is-layout-constrained\">\n<h2 class=\"wp-block-heading has-large-font-size\">Sukella nauruun ja loputtomaan hauskanpitoon<\/h2>\n\n\n\n<p style=\"margin-top:16px\">Linkkej\u00e4 hauskoihin sivustoihin ymp\u00e4ri interneti\u00e4<\/p>\n\n\n\n<div class=\"wp-block-buttons is-content-justification-left is-layout-flex wp-container-core-buttons-is-layout-98a460b5 wp-block-buttons-is-layout-flex\" style=\"margin-top:var(--wp--preset--spacing--40)\">\n<div class=\"wp-block-button has-custom-width wp-block-button__width-100\"><a class=\"wp-block-button__link wp-element-button\" href=\"https:\/\/dirtyoldman.blog\/fi\/resources\/\">Nauramaan<\/a><\/div>\n<\/div>\n<\/div><\/div>\n<\/div>\n\n\n\n<div class=\"wp-block-column is-vertically-aligned-center is-layout-flow wp-block-column-is-layout-flow\">\n<figure class=\"wp-block-image size-full is-resized\"><a href=\"https:\/\/nordvpn.tpo.li\/E5UJRJrS\" target=\"_blank\" rel=\" noreferrer noopener nofollow\"><img decoding=\"async\" width=\"1024\" height=\"512\" src=\"https:\/\/dirtyoldman.blog\/wp-content\/uploads\/NordVPNBannerDOM1024.webp\" alt=\"\" class=\"wp-image-797\" style=\"width:408px;height:auto\" srcset=\"https:\/\/dirtyoldman.blog\/wp-content\/uploads\/NordVPNBannerDOM1024.webp 1024w, https:\/\/dirtyoldman.blog\/wp-content\/uploads\/NordVPNBannerDOM1024-300x150.webp 300w, https:\/\/dirtyoldman.blog\/wp-content\/uploads\/NordVPNBannerDOM1024-768x384.webp 768w, https:\/\/dirtyoldman.blog\/wp-content\/uploads\/NordVPNBannerDOM1024-18x9.webp 18w\" sizes=\"(max-width: 1024px) 100vw, 1024px\" \/><\/a><\/figure>\n<\/div>\n<\/div>\n\n\n\n<div style=\"height:0px;width:0px\" aria-hidden=\"true\" class=\"wp-block-spacer\"><\/div>\n\n\n\n<div style=\"height:0px;width:0px\" aria-hidden=\"true\" class=\"wp-block-spacer\"><\/div>\n<\/div><\/div>\n<\/div>\n<\/div>\n\n\n\n<div class=\"wp-block-group alignfull has-background-background-color has-background\" id=\"blog\" style=\"border-top-width:1px;margin-top:0;margin-bottom:0;padding-top:var(--wp--preset--spacing--60);padding-right:var(--wp--preset--spacing--30);padding-bottom:var(--wp--preset--spacing--60);padding-left:var(--wp--preset--spacing--30)\"><div class=\"wp-block-group__inner-container is-layout-constrained wp-container-core-group-is-layout-bcbd3fab wp-block-group-is-layout-constrained\">\n<div class=\"wp-block-group alignwide\"><div class=\"wp-block-group__inner-container is-layout-constrained wp-block-group-is-layout-constrained\">\n<div class=\"wp-block-group alignwide is-vertical is-layout-flex wp-container-core-group-is-layout-8cf370e7 wp-block-group-is-layout-flex\">\n<h2 class=\"wp-block-heading has-large-font-size\">Blogi<\/h2>\n\n\n\n<p style=\"margin-top:16px\">\"Sukella huumorin, hulvattomien tarinoiden ja nokkelan sanailun py\u00f6rteisiin \u2013 nauru ja viihde ovat taattuja!<\/p>\n<\/div>\n<\/div><\/div>\n\n\n\n<div class=\"wp-block-query is-layout-flow wp-block-query-is-layout-flow\">\n<div class=\"wp-block-group alignwide\"><div class=\"wp-block-group__inner-container is-layout-constrained wp-block-group-is-layout-constrained\"><ul class=\"alignwide wp-block-post-template is-layout-flow wp-block-post-template-is-layout-flow\"><li class=\"wp-block-post post-1528 post type-post status-publish format-standard hentry category-sex\">\n\n<div class=\"wp-block-group\" style=\"padding-top:30px;padding-right:30px;padding-bottom:30px;padding-left:30px\"><div class=\"wp-block-group__inner-container is-layout-flow wp-block-group-is-layout-flow\"><h2 class=\"wp-block-post-title\"><a href=\"https:\/\/dirtyoldman.blog\/fi\/sex-is-so-much-better-when-there-are-feelings-involved\/\" target=\"_self\">Seksi on paljon parempaa, kun siin\u00e4 on tunnetta mukana.<\/a><\/h2>\n\n<div class=\"wp-block-post-excerpt\"><p class=\"wp-block-post-excerpt__excerpt\">Jo nuorena opin, ett\u00e4 mik\u00e4\u00e4n ei tee seksist\u00e4 parempaa kuin se, ett\u00e4 kumppanisi katsoo sinua suoraan silmiin, ja sanoo \u201dmin\u00e4 rakastan sinua\u201d. Se uskomaton tunne mik\u00e4 siit\u00e4 tulee, on jotain aivan sanoin kuvaamatonta. Se nostaa seksin aivan uusiin ulottuvuuksin, tekee siit\u00e4 niin paljon parempaa. <\/p><\/div>\n\n<div class=\"wp-block-post-date\"><time datetime=\"2025-11-28T23:19:28+03:00\">28 marraskuun, 2025<\/time><\/div><\/div><\/div>\n\n<\/li><li class=\"wp-block-post post-1526 post type-post status-publish format-standard hentry category-science\">\n\n<div class=\"wp-block-group\" style=\"padding-top:30px;padding-right:30px;padding-bottom:30px;padding-left:30px\"><div class=\"wp-block-group__inner-container is-layout-flow wp-block-group-is-layout-flow\"><h2 class=\"wp-block-post-title\"><a href=\"https:\/\/dirtyoldman.blog\/fi\/brain-research\/\" target=\"_self\">Aivotutkimusta<\/a><\/h2>\n\n<div class=\"wp-block-post-excerpt\"><p class=\"wp-block-post-excerpt__excerpt\">Tiedemiesten keskuudessa on pitk\u00e4\u00e4n ollut konsensus, ett\u00e4 aivot kehittyv\u00e4t noin 25 vuoden ik\u00e4\u00e4n asti. Nyt t\u00e4m\u00e4 uskomus on todettu v\u00e4\u00e4r\u00e4ksi. Viimeaikaisissa MRI tutkimuksissa on havaittu j\u00e4nnitt\u00e4v\u00e4 ilmi\u00f6: joillakin ihmisill\u00e4 aivot voivat kehitty\u00e4 viel\u00e4 vuosia, jopa kymmeni\u00e4 vuosia my\u00f6hemminkin. <\/p><\/div>\n\n<div class=\"wp-block-post-date\"><time datetime=\"2025-11-16T19:03:58+03:00\">16 marraskuun, 2025<\/time><\/div><\/div><\/div>\n\n<\/li><li class=\"wp-block-post post-1497 post type-post status-publish format-standard hentry category-sex\">\n\n<div class=\"wp-block-group\" style=\"padding-top:30px;padding-right:30px;padding-bottom:30px;padding-left:30px\"><div class=\"wp-block-group__inner-container is-layout-flow wp-block-group-is-layout-flow\"><h2 class=\"wp-block-post-title\"><a href=\"https:\/\/dirtyoldman.blog\/fi\/never-leave-the-bedroom-hungry\/\" target=\"_self\">\u00c4l\u00e4 koskaan l\u00e4hde makkarista n\u00e4lk\u00e4isen\u00e4<\/a><\/h2>\n\n<div class=\"wp-block-post-excerpt\"><p class=\"wp-block-post-excerpt__excerpt\">Kerran tytt\u00f6yst\u00e4v\u00e4n kanssa (joskus 20 vuotta sitten) oltiin ryhtym\u00e4ss\u00e4 harrastamaan seksi\u00e4, oltiin jo s\u00e4ngyss\u00e4 alasti pussailtu siin\u00e4, esileikit tehty ja valmiina hommiin, kun muistin ett\u00e4 kortsut on kylpp\u00e4riss\u00e4. <\/p><\/div>\n\n<div class=\"wp-block-post-date\"><time datetime=\"2025-10-16T15:35:09+03:00\">16 lokakuun, 2025<\/time><\/div><\/div><\/div>\n\n<\/li><li class=\"wp-block-post post-888 post type-post status-publish format-standard hentry category-relationships\">\n\n<div class=\"wp-block-group\" style=\"padding-top:30px;padding-right:30px;padding-bottom:30px;padding-left:30px\"><div class=\"wp-block-group__inner-container is-layout-flow wp-block-group-is-layout-flow\"><h2 class=\"wp-block-post-title\"><a href=\"https:\/\/dirtyoldman.blog\/fi\/cheated-my-wife\/\" target=\"_self\">Petin vaimoani ja j\u00e4in kiinni<\/a><\/h2>\n\n<div class=\"wp-block-post-excerpt\"><p class=\"wp-block-post-excerpt__excerpt\">Voisitko antaa anteeksi, jos joskus tulisit yll\u00e4tt\u00e4en liian aikaisin kotiin ja yll\u00e4tt\u00e4isit kumppanisi rys\u00e4n p\u00e4\u00e4lt\u00e4, omasta s\u00e4ngyst\u00e4si?\nMinulle k\u00e4vi kerran noin, paitsi ett\u00e4 min\u00e4 olin se, joka yll\u00e4tettiin. Asiasta oli kyll\u00e4 puhuttu ja sovittu tarkat s\u00e4\u00e4nn\u00f6t <\/p><\/div>\n\n<div class=\"wp-block-post-date\"><time datetime=\"2025-10-10T17:31:42+03:00\">10 lokakuun, 2025<\/time><\/div><\/div><\/div>\n\n<\/li><li class=\"wp-block-post post-539 post type-post status-publish format-standard has-post-thumbnail hentry category-dating category-relationships\">\n\n<div class=\"wp-block-group\" style=\"padding-top:30px;padding-right:30px;padding-bottom:30px;padding-left:30px\"><div class=\"wp-block-group__inner-container is-layout-flow wp-block-group-is-layout-flow\"><h2 class=\"wp-block-post-title\"><a href=\"https:\/\/dirtyoldman.blog\/fi\/youre-not-my-type\/\" target=\"_self\">Et ole minun tyyppi\u00e4ni<\/a><\/h2>\n\n<div class=\"wp-block-post-excerpt\"><p class=\"wp-block-post-excerpt__excerpt\">Olette varmaan kuulleet, ett\u00e4 jos k\u00e4ytte treffeill\u00e4, eik\u00e4 se toinen niin innosta, niin kannattaa sanoa \u201det ole minun tyyppi\u00e4ni\u201d jotta ei loukkaa toista.\n\nEi toimi.\n\nOlin kerran sokkotreffeill\u00e4, kaverini sai ylipuhuttua treffeille h\u00e4nen siskonsa kanssa. Treffien p\u00e4\u00e4tteeksi <\/p><\/div>\n\n<div class=\"wp-block-post-date\"><time datetime=\"2025-10-05T14:11:44+03:00\">5 lokakuun, 2025<\/time><\/div><\/div><\/div>\n\n<\/li><li class=\"wp-block-post post-507 post type-post status-publish format-standard hentry category-book-how-i-became-dirty-old-man\">\n\n<div class=\"wp-block-group\" style=\"padding-top:30px;padding-right:30px;padding-bottom:30px;padding-left:30px\"><div class=\"wp-block-group__inner-container is-layout-flow wp-block-group-is-layout-flow\"><h2 class=\"wp-block-post-title\"><a href=\"https:\/\/dirtyoldman.blog\/fi\/chapter-seventeen-dinner-with-the-devil\/\" target=\"_self\">Chapter Seventeen: Dinner With the Devil<\/a><\/h2>\n\n<div class=\"wp-block-post-excerpt\"><p class=\"wp-block-post-excerpt__excerpt\">My expectations weren\u2019t high. They never are, these days. But still, I had that tiny flicker of hope, the same pathetic flame that keeps moths frying themselves on lightbulbs. I shaved, splashed on some aftershave that expired sometime during the Obama administration, and combed my hair in a way I imagined said: distinguished gentleman rather&hellip; <\/p><\/div>\n\n<div class=\"wp-block-post-date\"><time datetime=\"2025-09-29T22:39:14+03:00\">29 syyskuun, 2025<\/time><\/div><\/div><\/div>\n\n<\/li><\/ul>\n\n\n<div class=\"wp-block-group alignfull\"><div class=\"wp-block-group__inner-container is-layout-constrained wp-block-group-is-layout-constrained\"><\/div><\/div>\n<\/div><\/div>\n<\/div>\n\n\n\n<div class=\"wp-block-buttons is-content-justification-center is-layout-flex wp-container-core-buttons-is-layout-e9798902 wp-block-buttons-is-layout-flex\" style=\"margin-top:var(--wp--preset--spacing--40)\">\n<div class=\"wp-block-button\"><a class=\"wp-block-button__link wp-element-button\" href=\"https:\/\/dirtyoldman.blog\/fi\/blog\/\">Lue kaikki postaukset<\/a><\/div>\n<\/div>\n<\/div><\/div>\n\n\n\n<div class=\"wp-block-group alignfull has-tertiary-background-color has-background\" id=\"about\" style=\"border-top-width:1px;margin-top:0;margin-bottom:0;padding-top:var(--wp--preset--spacing--60);padding-right:0;padding-bottom:var(--wp--preset--spacing--60);padding-left:0\"><div class=\"wp-block-group__inner-container is-layout-constrained wp-container-core-group-is-layout-1aa40bbb wp-block-group-is-layout-constrained\">\n<div class=\"wp-block-columns alignwide is-layout-flex wp-container-core-columns-is-layout-2aabe216 wp-block-columns-is-layout-flex\">\n<div class=\"wp-block-column is-layout-flow wp-block-column-is-layout-flow\">\n<h2 class=\"wp-block-heading\">Miss\u00e4 huumori kohtaa i\u00e4n tuoman ter\u00e4vyyden<\/h2>\n<\/div>\n\n\n\n<div class=\"wp-block-column is-layout-flow wp-block-column-is-layout-flow\">\n<p style=\"margin-top:16px\">Dirty Old Man Blog tarjoaa ainutlaatuisen komediallisen pakopaikan ja kantaa ylpe\u00e4n\u00e4 titteli\u00e4 universumin hauskimpana blogina. T\u00e4\u00e4ll\u00e4 nauru on kuningas, ja jokainen julkaisu pyrkii pirist\u00e4m\u00e4\u00e4n p\u00e4iv\u00e4\u00e4si ter\u00e4v\u00e4ll\u00e4 \u00e4lyll\u00e4 ja ajattomalla huumorilla.<\/p>\n<\/div>\n<\/div>\n\n\n\n<div class=\"wp-block-group alignwide is-layout-grid wp-container-core-group-is-layout-7da95970 wp-block-group-is-layout-grid\">\n<div style=\"aspect-ratio:16\/9;min-height:unset;\" class=\"wp-block-cover extendify-image-import has-aspect-ratio\"><img decoding=\"async\" class=\"wp-block-cover__image-background\" alt=\"\" src=\"https:\/\/images.unsplash.com\/photo-1516280440614-37939bbacd81?ixid=M3w0MzUxNjF8MHwxfHNlYXJjaHwzfHxjb21lZHl8ZW58MHx8fHwxNzU2MzAzNTE1fDA&amp;ixlib=rb-4.1.0&amp;orientation=landscape?fit=crop&amp;crop=entropy%2Cfaces&amp;auto=format%2Ccompress&amp;w=1280\" data-object-fit=\"cover\"\/><span aria-hidden=\"true\" class=\"wp-block-cover__background has-background-dim-0 has-background-dim\"><\/span><div class=\"wp-block-cover__inner-container is-layout-flow wp-block-cover-is-layout-flow\">\n<div style=\"height:100px\" aria-hidden=\"true\" class=\"wp-block-spacer\"><\/div>\n<\/div><\/div>\n\n\n\n<div style=\"aspect-ratio:16\/9;min-height:unset;\" class=\"wp-block-cover extendify-image-import has-aspect-ratio\"><img decoding=\"async\" class=\"wp-block-cover__image-background\" alt=\"\" src=\"https:\/\/images.unsplash.com\/photo-1648237409808-aa4649c07ec8?ixid=M3w0MzUxNjF8MHwxfHNlYXJjaHwxMnx8Y29tZWR5fGVufDB8fHx8MTc1NjMwMzUxNXww&amp;ixlib=rb-4.1.0&amp;orientation=landscape?fit=crop&amp;crop=entropy%2Cfaces&amp;auto=format%2Ccompress&amp;w=1280\" data-object-fit=\"cover\"\/><span aria-hidden=\"true\" class=\"wp-block-cover__background has-background-dim-0 has-background-dim\"><\/span><div class=\"wp-block-cover__inner-container is-layout-flow wp-block-cover-is-layout-flow\">\n<div style=\"height:100px\" aria-hidden=\"true\" class=\"wp-block-spacer\"><\/div>\n<\/div><\/div>\n\n\n\n<div style=\"aspect-ratio:16\/9;min-height:unset;\" class=\"wp-block-cover extendify-image-import has-aspect-ratio\"><img decoding=\"async\" class=\"wp-block-cover__image-background\" alt=\"\" src=\"https:\/\/images.unsplash.com\/photo-1499364615650-ec38552f4f34?ixid=M3w0MzUxNjF8MHwxfHNlYXJjaHwxfHxlbnRlcnRhaW5tZW50fGVufDB8fHx8MTc1Njc1Nzg1NXww&amp;ixlib=rb-4.1.0&amp;orientation=landscape?fit=crop&amp;crop=entropy%2Cfaces&amp;auto=format%2Ccompress&amp;w=1280\" data-object-fit=\"cover\"\/><span aria-hidden=\"true\" class=\"wp-block-cover__background has-background-dim-0 has-background-dim\"><\/span><div class=\"wp-block-cover__inner-container is-layout-flow wp-block-cover-is-layout-flow\">\n<div style=\"height:100px\" aria-hidden=\"true\" class=\"wp-block-spacer\"><\/div>\n<\/div><\/div>\n<\/div>\n<\/div><\/div>\n\n\n\n<div class=\"wp-block-group alignfull has-background-background-color has-background\" id=\"testimonials\" style=\"border-top-width:1px;margin-top:0;margin-bottom:0;padding-top:0;padding-right:var(--wp--preset--spacing--30);padding-bottom:0;padding-left:var(--wp--preset--spacing--30)\"><div class=\"wp-block-group__inner-container is-layout-constrained wp-container-core-group-is-layout-884d7b23 wp-block-group-is-layout-constrained\">\n<div class=\"wp-block-group alignwide\" style=\"padding-top:var(--wp--preset--spacing--60);padding-bottom:var(--wp--preset--spacing--60)\"><div class=\"wp-block-group__inner-container is-layout-flow wp-block-group-is-layout-flow\">\n<p class=\"has-text-align-center has-large-font-size\" style=\"font-style:normal;font-weight:500;line-height:1.3\">Nauran omille vitseilleni joka p\u00e4iv\u00e4.<\/p>\n\n\n\n<h4 class=\"wp-block-heading has-text-align-center\" style=\"margin-top:18px;font-size:18px\">Jan<\/h4>\n\n\n\n<p class=\"has-text-align-center has-small-font-size\" style=\"margin-top:4px\">Komediarakastaja<\/p>\n<\/div><\/div>\n\n\n\n<div style=\"height:60px\" aria-hidden=\"true\" class=\"wp-block-spacer\"><\/div>\n<\/div><\/div>\n\n\n\n<div class=\"wp-block-group\"><div class=\"wp-block-group__inner-container is-layout-constrained wp-block-group-is-layout-constrained\">\n<figure class=\"wp-block-image size-full\"><a href=\"https:\/\/amzn.to\/4nh1vrC\" target=\"_blank\" rel=\" noreferrer noopener\"><img decoding=\"async\" width=\"720\" height=\"360\" src=\"https:\/\/dirtyoldman.blog\/wp-content\/uploads\/2025\/09\/AmazonPrimeBanner.webp\" alt=\"\" class=\"wp-image-346\" srcset=\"https:\/\/dirtyoldman.blog\/wp-content\/uploads\/2025\/09\/AmazonPrimeBanner.webp 720w, https:\/\/dirtyoldman.blog\/wp-content\/uploads\/2025\/09\/AmazonPrimeBanner-300x150.webp 300w, https:\/\/dirtyoldman.blog\/wp-content\/uploads\/2025\/09\/AmazonPrimeBanner-18x9.webp 18w\" sizes=\"(max-width: 720px) 100vw, 720px\" \/><\/a><\/figure>\n<\/div><\/div>","protected":false},"excerpt":{"rendered":"<p>Funniest Blog in the Universe? Offending Everyone Equally Since 2020 Dive Into Laughter and Endless Fun Links and other resources to hilarious stuff all around the internet Blog Dive into a riot of humor, outrageous tales, and witty banter guaranteed to keep you laughing and entertained. Where Humor Meets the Wit of Age Dirty Old &#8230; <a title=\"Home\" class=\"read-more\" href=\"https:\/\/dirtyoldman.blog\/fi\/\" aria-label=\"Lue lis\u00e4\u00e4 aiheesta Home\">Lue lis\u00e4\u00e4<\/a><\/p>","protected":false},"author":1,"featured_media":0,"parent":0,"menu_order":0,"comment_status":"closed","ping_status":"closed","template":"","meta":{"pagelayer_contact_templates":[],"_pagelayer_content":"","_monsterinsights_skip_tracking":false,"_monsterinsights_sitenote_active":false,"_monsterinsights_sitenote_note":"","_monsterinsights_sitenote_category":0,"_uf_show_specific_survey":0,"_uf_disable_surveys":false,"footnotes":""},"class_list":["post-28","page","type-page","status-publish"],"_links":{"self":[{"href":"https:\/\/dirtyoldman.blog\/fi\/wp-json\/wp\/v2\/pages\/28","targetHints":{"allow":["GET"]}}],"collection":[{"href":"https:\/\/dirtyoldman.blog\/fi\/wp-json\/wp\/v2\/pages"}],"about":[{"href":"https:\/\/dirtyoldman.blog\/fi\/wp-json\/wp\/v2\/types\/page"}],"author":[{"embeddable":true,"href":"https:\/\/dirtyoldman.blog\/fi\/wp-json\/wp\/v2\/users\/1"}],"replies":[{"embeddable":true,"href":"https:\/\/dirtyoldman.blog\/fi\/wp-json\/wp\/v2\/comments?post=28"}],"version-history":[{"count":7,"href":"https:\/\/dirtyoldman.blog\/fi\/wp-json\/wp\/v2\/pages\/28\/revisions"}],"predecessor-version":[{"id":1421,"href":"https:\/\/dirtyoldman.blog\/fi\/wp-json\/wp\/v2\/pages\/28\/revisions\/1421"}],"wp:attachment":[{"href":"https:\/\/dirtyoldman.blog\/fi\/wp-json\/wp\/v2\/media?parent=28"}],"curies":[{"name":"wp","href":"https:\/\/api.w.org\/{rel}","templated":true}]}}