{"id":248,"date":"2025-09-06T13:26:53","date_gmt":"2025-09-06T10:26:53","guid":{"rendered":"https:\/\/dirtyoldman.blog\/?page_id=248"},"modified":"2025-10-15T14:48:06","modified_gmt":"2025-10-15T11:48:06","slug":"comedian-directory-not-in-any-particular-order","status":"publish","type":"page","link":"https:\/\/dirtyoldman.blog\/fi\/comedian-directory-not-in-any-particular-order\/","title":{"rendered":"Koomikkolistaus - ei miss\u00e4\u00e4n erityisess\u00e4 j\u00e4rjestyksess\u00e4"},"content":{"rendered":"<p>(lis\u00e4\u00e4 tulossa)<\/p>\n\n\n\n<div class=\"wp-block-group alignfull has-background-background-color has-background\" style=\"margin-top:0;margin-bottom:0;padding-top:var(--wp--preset--spacing--60);padding-right:var(--wp--preset--spacing--30);padding-bottom:var(--wp--preset--spacing--60);padding-left:var(--wp--preset--spacing--30)\"><div class=\"wp-block-group__inner-container is-layout-constrained wp-container-core-group-is-layout-392eb801 wp-block-group-is-layout-constrained\">\n<div class=\"wp-block-group alignwide is-vertical is-layout-flex wp-container-core-group-is-layout-8cf370e7 wp-block-group-is-layout-flex\">\n<div class=\"wp-block-group\"><div class=\"wp-block-group__inner-container is-layout-constrained wp-block-group-is-layout-constrained\">\n<h2 class=\"wp-block-heading has-large-font-size\">Talented Stand-Up Comedians<\/h2>\n\n\n\n<p style=\"margin-top:16px\"><\/p>\n<\/div><\/div>\n<\/div>\n\n\n\n<div class=\"wp-block-columns alignwide is-layout-flex wp-container-core-columns-is-layout-41e3e26a wp-block-columns-is-layout-flex\">\n<div class=\"wp-block-column is-layout-flow wp-block-column-is-layout-flow\">\n<figure class=\"wp-block-image size-full is-resized\"><img decoding=\"async\" width=\"500\" height=\"724\" src=\"https:\/\/dirtyoldman.blog\/wp-content\/uploads\/2025\/09\/GervaisPall230921_15_of_17_51527411486_cropped.jpg\" alt=\"\" class=\"wp-image-240\" style=\"width:166px;height:auto\" srcset=\"https:\/\/dirtyoldman.blog\/wp-content\/uploads\/2025\/09\/GervaisPall230921_15_of_17_51527411486_cropped.jpg 500w, https:\/\/dirtyoldman.blog\/wp-content\/uploads\/2025\/09\/GervaisPall230921_15_of_17_51527411486_cropped-207x300.jpg 207w, https:\/\/dirtyoldman.blog\/wp-content\/uploads\/2025\/09\/GervaisPall230921_15_of_17_51527411486_cropped-8x12.jpg 8w\" sizes=\"(max-width: 500px) 100vw, 500px\" \/><\/figure>\n\n\n\n<h4 class=\"wp-block-heading\" style=\"margin-top:20px;font-size:20px\">Ricky Gervais<\/h4>\n\n\n\n<p class=\"has-primary-color has-text-color has-small-font-size\" style=\"margin-top:4px\"><\/p>\n\n\n\n<p class=\"has-small-font-size\" style=\"margin-top:12px\"><a href=\"https:\/\/www.youtube.com\/rickygervais\" target=\"_blank\" rel=\"noreferrer noopener\">Rickys&#8217; YouTube<\/a><\/p>\n<\/div>\n\n\n\n<div class=\"wp-block-column is-layout-flow wp-block-column-is-layout-flow\">\n<figure class=\"wp-block-image size-full is-resized\"><img decoding=\"async\" width=\"500\" height=\"639\" src=\"https:\/\/dirtyoldman.blog\/wp-content\/uploads\/2025\/09\/Jimmy_Carr_2024_cropped.png\" alt=\"\" class=\"wp-image-241\" style=\"width:189px;height:auto\" srcset=\"https:\/\/dirtyoldman.blog\/wp-content\/uploads\/2025\/09\/Jimmy_Carr_2024_cropped.png 500w, https:\/\/dirtyoldman.blog\/wp-content\/uploads\/2025\/09\/Jimmy_Carr_2024_cropped-235x300.png 235w, https:\/\/dirtyoldman.blog\/wp-content\/uploads\/2025\/09\/Jimmy_Carr_2024_cropped-9x12.png 9w\" sizes=\"(max-width: 500px) 100vw, 500px\" \/><\/figure>\n\n\n\n<h4 class=\"wp-block-heading\" style=\"margin-top:20px;font-size:20px\">Jimmy Carr<\/h4>\n\n\n\n<p class=\"has-primary-color has-text-color has-small-font-size\" style=\"margin-top:4px\"><\/p>\n\n\n\n<p class=\"has-small-font-size\" style=\"margin-top:12px\"><a href=\"https:\/\/www.jimmycarr.com\/\" target=\"_blank\" rel=\"noreferrer noopener\">Jimmy&#8217;s website<\/a><\/p>\n<\/div>\n\n\n\n<div class=\"wp-block-column is-layout-flow wp-block-column-is-layout-flow\">\n<figure class=\"wp-block-image size-full is-resized\"><img decoding=\"async\" width=\"437\" height=\"587\" src=\"https:\/\/dirtyoldman.blog\/wp-content\/uploads\/2025\/09\/FBoyleSoho100320-5_cropped.jpg\" alt=\"\" class=\"wp-image-242\" style=\"width:182px;height:auto\" srcset=\"https:\/\/dirtyoldman.blog\/wp-content\/uploads\/2025\/09\/FBoyleSoho100320-5_cropped.jpg 437w, https:\/\/dirtyoldman.blog\/wp-content\/uploads\/2025\/09\/FBoyleSoho100320-5_cropped-223x300.jpg 223w, https:\/\/dirtyoldman.blog\/wp-content\/uploads\/2025\/09\/FBoyleSoho100320-5_cropped-9x12.jpg 9w\" sizes=\"(max-width: 437px) 100vw, 437px\" \/><\/figure>\n\n\n\n<h4 class=\"wp-block-heading\" style=\"margin-top:20px;font-size:20px\">Frankie Boyle<\/h4>\n\n\n\n<p class=\"has-primary-color has-text-color has-small-font-size\" style=\"margin-top:4px\"><\/p>\n\n\n\n<p class=\"has-small-font-size\" style=\"margin-top:12px\"><a href=\"https:\/\/www.frankieboyle.com\/\" target=\"_blank\" rel=\"noopener\">Frankie&#8217;s website<\/a><\/p>\n<\/div>\n\n\n\n<div class=\"wp-block-column is-layout-flow wp-block-column-is-layout-flow\">\n<figure class=\"wp-block-image size-full is-resized\"><img decoding=\"async\" width=\"500\" height=\"604\" src=\"https:\/\/dirtyoldman.blog\/wp-content\/uploads\/2025\/09\/Louis_C.K._on_Your_Moms_House_Podcast_2022.png\" alt=\"\" class=\"wp-image-253\" style=\"width:204px;height:auto\" srcset=\"https:\/\/dirtyoldman.blog\/wp-content\/uploads\/2025\/09\/Louis_C.K._on_Your_Moms_House_Podcast_2022.png 500w, https:\/\/dirtyoldman.blog\/wp-content\/uploads\/2025\/09\/Louis_C.K._on_Your_Moms_House_Podcast_2022-248x300.png 248w, https:\/\/dirtyoldman.blog\/wp-content\/uploads\/2025\/09\/Louis_C.K._on_Your_Moms_House_Podcast_2022-10x12.png 10w\" sizes=\"(max-width: 500px) 100vw, 500px\" \/><\/figure>\n\n\n\n<h4 class=\"wp-block-heading\" style=\"margin-top:20px;font-size:20px\">Louis C.K.<\/h4>\n\n\n\n<p class=\"has-primary-color has-text-color has-small-font-size\" style=\"margin-top:4px\"><\/p>\n\n\n\n<p class=\"has-small-font-size\" style=\"margin-top:12px\"><a href=\"https:\/\/louisck.com\/\" target=\"_blank\" rel=\"noreferrer noopener\">Louis&#8217; website<\/a><\/p>\n<\/div>\n<\/div>\n\n\n\n<div class=\"wp-block-columns alignwide is-layout-flex wp-container-core-columns-is-layout-41e3e26a wp-block-columns-is-layout-flex\">\n<div class=\"wp-block-column is-layout-flow wp-block-column-is-layout-flow\">\n<figure class=\"wp-block-image size-full is-resized\"><img decoding=\"async\" width=\"500\" height=\"669\" src=\"https:\/\/dirtyoldman.blog\/wp-content\/uploads\/2025\/09\/Sarah_Silverman_DNC_July_2016.jpg\" alt=\"\" class=\"wp-image-254\" style=\"width:180px;height:auto\" srcset=\"https:\/\/dirtyoldman.blog\/wp-content\/uploads\/2025\/09\/Sarah_Silverman_DNC_July_2016.jpg 500w, https:\/\/dirtyoldman.blog\/wp-content\/uploads\/2025\/09\/Sarah_Silverman_DNC_July_2016-224x300.jpg 224w, https:\/\/dirtyoldman.blog\/wp-content\/uploads\/2025\/09\/Sarah_Silverman_DNC_July_2016-9x12.jpg 9w\" sizes=\"(max-width: 500px) 100vw, 500px\" \/><\/figure>\n\n\n\n<h4 class=\"wp-block-heading\" style=\"margin-top:20px;font-size:20px\">Sarah Silverman<\/h4>\n\n\n\n<p class=\"has-primary-color has-text-color has-small-font-size\" style=\"margin-top:4px\">CILF<\/p>\n\n\n\n<p class=\"has-small-font-size\" style=\"margin-top:12px\"><a href=\"https:\/\/www.sarahsilverman.com\/\" target=\"_blank\" rel=\"noreferrer noopener\">Sarah&#8217;s website<\/a><\/p>\n<\/div>\n\n\n\n<div class=\"wp-block-column is-layout-flow wp-block-column-is-layout-flow\">\n<figure class=\"wp-block-image size-full is-resized\"><img decoding=\"async\" width=\"141\" height=\"141\" src=\"https:\/\/dirtyoldman.blog\/wp-content\/uploads\/2025\/09\/amy.jpeg\" alt=\"\" class=\"wp-image-255\" style=\"width:239px;height:auto\" srcset=\"https:\/\/dirtyoldman.blog\/wp-content\/uploads\/2025\/09\/amy.jpeg 141w, https:\/\/dirtyoldman.blog\/wp-content\/uploads\/2025\/09\/amy-12x12.jpeg 12w\" sizes=\"(max-width: 141px) 100vw, 141px\" \/><\/figure>\n\n\n\n<h4 class=\"wp-block-heading\" style=\"margin-top:20px;font-size:20px\">Amy Schumer<\/h4>\n\n\n\n<p class=\"has-primary-color has-text-color has-small-font-size\" style=\"margin-top:4px\"><\/p>\n\n\n\n<p class=\"has-small-font-size\" style=\"margin-top:12px\"><a href=\"https:\/\/www.youtube.com\/amyschumer\" target=\"_blank\" rel=\"noopener\">Amy&#8217;s YouTube<\/a><\/p>\n<\/div>\n\n\n\n<div class=\"wp-block-column is-layout-flow wp-block-column-is-layout-flow\">\n<figure class=\"wp-block-image size-full is-resized\"><img decoding=\"async\" width=\"500\" height=\"691\" src=\"https:\/\/dirtyoldman.blog\/wp-content\/uploads\/2025\/09\/Bill_Burr_by_Gage_Skidmore.jpg\" alt=\"\" class=\"wp-image-256\" style=\"width:174px;height:auto\" srcset=\"https:\/\/dirtyoldman.blog\/wp-content\/uploads\/2025\/09\/Bill_Burr_by_Gage_Skidmore.jpg 500w, https:\/\/dirtyoldman.blog\/wp-content\/uploads\/2025\/09\/Bill_Burr_by_Gage_Skidmore-217x300.jpg 217w, https:\/\/dirtyoldman.blog\/wp-content\/uploads\/2025\/09\/Bill_Burr_by_Gage_Skidmore-9x12.jpg 9w\" sizes=\"(max-width: 500px) 100vw, 500px\" \/><\/figure>\n\n\n\n<h4 class=\"wp-block-heading\" style=\"margin-top:20px;font-size:20px\">Bill Burr<\/h4>\n\n\n\n<p class=\"has-primary-color has-text-color has-small-font-size\" style=\"margin-top:4px\"><\/p>\n\n\n\n<p class=\"has-small-font-size\" style=\"margin-top:12px\"><a href=\"https:\/\/billburr.com\/\" target=\"_blank\" rel=\"noreferrer noopener\">Bill&#8217;s website<\/a><\/p>\n<\/div>\n\n\n\n<div class=\"wp-block-column is-layout-flow wp-block-column-is-layout-flow\">\n<figure class=\"wp-block-image size-full is-resized\"><img decoding=\"async\" width=\"500\" height=\"622\" src=\"https:\/\/dirtyoldman.blog\/wp-content\/uploads\/2025\/09\/Jim_Gaffigan_June_2023_cropped.jpg\" alt=\"\" class=\"wp-image-257\" style=\"width:195px;height:auto\" srcset=\"https:\/\/dirtyoldman.blog\/wp-content\/uploads\/2025\/09\/Jim_Gaffigan_June_2023_cropped.jpg 500w, https:\/\/dirtyoldman.blog\/wp-content\/uploads\/2025\/09\/Jim_Gaffigan_June_2023_cropped-241x300.jpg 241w, https:\/\/dirtyoldman.blog\/wp-content\/uploads\/2025\/09\/Jim_Gaffigan_June_2023_cropped-10x12.jpg 10w\" sizes=\"(max-width: 500px) 100vw, 500px\" \/><\/figure>\n\n\n\n<h4 class=\"wp-block-heading\" style=\"margin-top:20px;font-size:20px\">Jim Gaffigan<\/h4>\n\n\n\n<p class=\"has-primary-color has-text-color has-small-font-size\" style=\"margin-top:4px\"><\/p>\n\n\n\n<p class=\"has-small-font-size\" style=\"margin-top:12px\"><a href=\"https:\/\/jimgaffigan.com\/\" target=\"_blank\" rel=\"noreferrer noopener\">Jim&#8217;s website<\/a><\/p>\n<\/div>\n<\/div>\n<\/div><\/div>\n\n\n\n<div style=\"height:56px\" aria-hidden=\"true\" class=\"wp-block-spacer\"><\/div>\n\n\n\n<div class=\"wp-block-group\"><div class=\"wp-block-group__inner-container is-layout-constrained wp-block-group-is-layout-constrained\">\n<figure class=\"wp-block-image size-full\"><a href=\"https:\/\/amzn.to\/4nh1vrC\" target=\"_blank\" rel=\" noreferrer noopener\"><img decoding=\"async\" width=\"720\" height=\"360\" src=\"https:\/\/dirtyoldman.blog\/wp-content\/uploads\/2025\/09\/AmazonPrimeBanner.webp\" alt=\"\" class=\"wp-image-346\" srcset=\"https:\/\/dirtyoldman.blog\/wp-content\/uploads\/2025\/09\/AmazonPrimeBanner.webp 720w, https:\/\/dirtyoldman.blog\/wp-content\/uploads\/2025\/09\/AmazonPrimeBanner-300x150.webp 300w, https:\/\/dirtyoldman.blog\/wp-content\/uploads\/2025\/09\/AmazonPrimeBanner-18x9.webp 18w\" sizes=\"(max-width: 720px) 100vw, 720px\" \/><\/a><\/figure>\n<\/div><\/div>","protected":false},"excerpt":{"rendered":"<p>(more coming) Talented Stand-Up Comedians Ricky Gervais Rickys&#8217; YouTube Jimmy Carr Jimmy&#8217;s website Frankie Boyle Frankie&#8217;s website Louis C.K. Louis&#8217; website Sarah Silverman CILF Sarah&#8217;s website Amy Schumer Amy&#8217;s YouTube Bill Burr Bill&#8217;s website Jim Gaffigan Jim&#8217;s website<\/p>","protected":false},"author":1,"featured_media":0,"parent":0,"menu_order":0,"comment_status":"closed","ping_status":"closed","template":"","meta":{"pagelayer_contact_templates":[],"_pagelayer_content":"","_monsterinsights_skip_tracking":false,"_monsterinsights_sitenote_active":false,"_monsterinsights_sitenote_note":"","_monsterinsights_sitenote_category":0,"_uf_show_specific_survey":0,"_uf_disable_surveys":false,"footnotes":""},"class_list":["post-248","page","type-page","status-publish"],"_links":{"self":[{"href":"https:\/\/dirtyoldman.blog\/fi\/wp-json\/wp\/v2\/pages\/248","targetHints":{"allow":["GET"]}}],"collection":[{"href":"https:\/\/dirtyoldman.blog\/fi\/wp-json\/wp\/v2\/pages"}],"about":[{"href":"https:\/\/dirtyoldman.blog\/fi\/wp-json\/wp\/v2\/types\/page"}],"author":[{"embeddable":true,"href":"https:\/\/dirtyoldman.blog\/fi\/wp-json\/wp\/v2\/users\/1"}],"replies":[{"embeddable":true,"href":"https:\/\/dirtyoldman.blog\/fi\/wp-json\/wp\/v2\/comments?post=248"}],"version-history":[{"count":1,"href":"https:\/\/dirtyoldman.blog\/fi\/wp-json\/wp\/v2\/pages\/248\/revisions"}],"predecessor-version":[{"id":1415,"href":"https:\/\/dirtyoldman.blog\/fi\/wp-json\/wp\/v2\/pages\/248\/revisions\/1415"}],"wp:attachment":[{"href":"https:\/\/dirtyoldman.blog\/fi\/wp-json\/wp\/v2\/media?parent=248"}],"curies":[{"name":"wp","href":"https:\/\/api.w.org\/{rel}","templated":true}]}}