{"id":23,"date":"2025-09-03T09:20:12","date_gmt":"2025-09-03T09:20:12","guid":{"rendered":"https:\/\/dirtyoldman.blog\/about\/"},"modified":"2025-09-08T14:05:58","modified_gmt":"2025-09-08T11:05:58","slug":"about","status":"publish","type":"page","link":"https:\/\/dirtyoldman.blog\/fi\/about\/","title":{"rendered":"Tietoja"},"content":{"rendered":"<div class=\"wp-block-group alignfull has-background-background-color has-background\" id=\"about\" style=\"border-top-width:1px;margin-top:0;margin-bottom:0;padding-top:var(--wp--preset--spacing--60);padding-right:0;padding-bottom:var(--wp--preset--spacing--60);padding-left:0\"><div class=\"wp-block-group__inner-container is-layout-constrained wp-container-core-group-is-layout-1aa40bbb wp-block-group-is-layout-constrained\">\n<div class=\"wp-block-columns alignwide is-layout-flex wp-container-core-columns-is-layout-2aabe216 wp-block-columns-is-layout-flex\">\n<div class=\"wp-block-column is-layout-flow wp-block-column-is-layout-flow\">\n<div class=\"wp-block-group\" style=\"padding-top:var(--wp--preset--spacing--60);padding-bottom:var(--wp--preset--spacing--60)\"><div class=\"wp-block-group__inner-container is-layout-constrained wp-block-group-is-layout-constrained\">\n<h2 class=\"wp-block-heading\">Mist\u00e4 Dirty Old Manin huumori kumpuaa<\/h2>\n\n\n\n<p style=\"margin-top:16px\">Kun olin pieni lapsi, rakas \u00e4itini onnistui pudottamaan minut portaissa. Se oli kuin el\u00e4m\u00e4ni komediauran avajaisnumero. Siit\u00e4 l\u00e4htien olenkin ollut ik\u00e4\u00e4n kuin koe-esiintym\u00e4ss\u00e4 rooliin nimelt\u00e4 'Herra Beanin kadonnut serkku'. Kompastun keng\u00e4nnauhoihin, joita ei edes ole, kaadan kahvit p\u00e4\u00e4lleni samalla kun juon teet\u00e4, ja onnistun h\u00e4vitt\u00e4m\u00e4\u00e4n avaimeni, vaikka ne ovat yh\u00e4 ovessa. Lyhyesti sanottuna el\u00e4m\u00e4ni on kuin parhaita paloja ep\u00e4onnistumisista, ja taustalla naururaidat soivat tauotta.<\/p>\n\n\n\n<p>Jos haluat tiet\u00e4\u00e4 millaiselle tekniikalla t\u00e4m\u00e4 Blogi py\u00f6rii, <a href=\"https:\/\/dirtyoldman.blog\/fi\/under-the-hood-of-my-blog\/\">klikkaa t\u00e4st\u00e4<\/a> <\/p>\n<\/div><\/div>\n<\/div>\n\n\n\n<div class=\"wp-block-column is-layout-flow wp-block-column-is-layout-flow\">\n<figure class=\"wp-block-image size-full\"><img decoding=\"async\" width=\"1024\" height=\"1024\" src=\"https:\/\/dirtyoldman.blog\/wp-content\/uploads\/2025\/09\/openart-image_K7-26umb_1757157156729_raw.jpg\" alt=\"\" class=\"wp-image-313\" srcset=\"https:\/\/dirtyoldman.blog\/wp-content\/uploads\/2025\/09\/openart-image_K7-26umb_1757157156729_raw.jpg 1024w, https:\/\/dirtyoldman.blog\/wp-content\/uploads\/2025\/09\/openart-image_K7-26umb_1757157156729_raw-300x300.jpg 300w, https:\/\/dirtyoldman.blog\/wp-content\/uploads\/2025\/09\/openart-image_K7-26umb_1757157156729_raw-150x150.jpg 150w, https:\/\/dirtyoldman.blog\/wp-content\/uploads\/2025\/09\/openart-image_K7-26umb_1757157156729_raw-768x768.jpg 768w, https:\/\/dirtyoldman.blog\/wp-content\/uploads\/2025\/09\/openart-image_K7-26umb_1757157156729_raw-12x12.jpg 12w\" sizes=\"(max-width: 1024px) 100vw, 1024px\" \/><\/figure>\n<\/div>\n<\/div>\n<\/div><\/div>\n\n\n\n<div class=\"wp-block-group alignfull has-tertiary-background-color has-background\" id=\"team\" style=\"border-top-width:1px;margin-top:0;margin-bottom:0;padding-top:var(--wp--preset--spacing--70);padding-right:0;padding-bottom:var(--wp--preset--spacing--70);padding-left:0\"><div class=\"wp-block-group__inner-container is-layout-constrained wp-container-core-group-is-layout-84c615e8 wp-block-group-is-layout-constrained\">\n<div class=\"wp-block-group is-nowrap is-layout-flex wp-container-core-group-is-layout-ad2f72ca wp-block-group-is-layout-flex\">\n<figure class=\"wp-block-image size-full is-resized\"><img decoding=\"async\" width=\"396\" height=\"559\" src=\"https:\/\/dirtyoldman.blog\/wp-content\/uploads\/2025\/09\/logoface.jpg\" alt=\"\" class=\"wp-image-114\" style=\"width:137px;height:auto\" srcset=\"https:\/\/dirtyoldman.blog\/wp-content\/uploads\/2025\/09\/logoface.jpg 396w, https:\/\/dirtyoldman.blog\/wp-content\/uploads\/2025\/09\/logoface-213x300.jpg 213w, https:\/\/dirtyoldman.blog\/wp-content\/uploads\/2025\/09\/logoface-9x12.jpg 9w\" sizes=\"(max-width: 396px) 100vw, 396px\" \/><\/figure>\n\n\n\n<p>Vanhan liiton vitsiniekka<\/p>\n\n\n\n<p>Huonon maun kokemusasiantuntija<\/p>\n\n\n\n<figure class=\"wp-block-image size-full is-resized\"><img decoding=\"async\" width=\"721\" height=\"961\" src=\"https:\/\/dirtyoldman.blog\/wp-content\/uploads\/2025\/09\/trenssi-1.jpg\" alt=\"\" class=\"wp-image-119\" style=\"width:140px;height:auto\" srcset=\"https:\/\/dirtyoldman.blog\/wp-content\/uploads\/2025\/09\/trenssi-1.jpg 721w, https:\/\/dirtyoldman.blog\/wp-content\/uploads\/2025\/09\/trenssi-1-225x300.jpg 225w, https:\/\/dirtyoldman.blog\/wp-content\/uploads\/2025\/09\/trenssi-1-9x12.jpg 9w\" sizes=\"(max-width: 721px) 100vw, 721px\" \/><\/figure>\n<\/div>\n\n\n\n<div class=\"wp-block-columns is-layout-flex wp-container-core-columns-is-layout-9d6595d7 wp-block-columns-is-layout-flex\">\n<div class=\"wp-block-column is-layout-flow wp-block-column-is-layout-flow\" style=\"flex-basis:100%\"><\/div>\n<\/div>\n\n\n\n<div class=\"wp-block-columns alignwide is-layout-flex wp-container-core-columns-is-layout-698e6c35 wp-block-columns-is-layout-flex\" style=\"padding-top:0;padding-right:0;padding-bottom:0;padding-left:0\">\n<div class=\"wp-block-column is-layout-flow wp-block-column-is-layout-flow\">\n<h4 class=\"wp-block-heading\" style=\"margin-top:20px;font-size:20px\"><\/h4>\n<\/div>\n<\/div>\n<\/div><\/div>\n\n\n\n<div class=\"wp-block-group alignfull has-background-background-color has-background\" id=\"testimonials\" style=\"border-top-width:1px;margin-top:0;margin-bottom:0;padding-top:0;padding-right:var(--wp--preset--spacing--30);padding-bottom:0;padding-left:var(--wp--preset--spacing--30)\"><div class=\"wp-block-group__inner-container is-layout-constrained wp-container-core-group-is-layout-884d7b23 wp-block-group-is-layout-constrained\"><\/div><\/div>","protected":false},"excerpt":{"rendered":"<p>Where Dirty Old Man Humor Comes to Life When I was just a little kid, my dear mother accidentally dropped me down the stairs. That was the grand opening act of my life\u2019s comedy routine. Ever since, it\u2019s been one long audition for the role of \u2018Mr. Bean\u2019s long-lost cousin.\u2019 I trip over shoelaces that &#8230; <a title=\"Tietoja\" class=\"read-more\" href=\"https:\/\/dirtyoldman.blog\/fi\/about\/\" aria-label=\"Lue lis\u00e4\u00e4 aiheesta About\">Lue lis\u00e4\u00e4<\/a><\/p>","protected":false},"author":1,"featured_media":0,"parent":0,"menu_order":0,"comment_status":"closed","ping_status":"closed","template":"page-with-title","meta":{"pagelayer_contact_templates":[],"_pagelayer_content":"","_monsterinsights_skip_tracking":false,"_monsterinsights_sitenote_active":false,"_monsterinsights_sitenote_note":"","_monsterinsights_sitenote_category":0,"_uf_show_specific_survey":0,"_uf_disable_surveys":false,"footnotes":""},"class_list":["post-23","page","type-page","status-publish"],"_links":{"self":[{"href":"https:\/\/dirtyoldman.blog\/fi\/wp-json\/wp\/v2\/pages\/23","targetHints":{"allow":["GET"]}}],"collection":[{"href":"https:\/\/dirtyoldman.blog\/fi\/wp-json\/wp\/v2\/pages"}],"about":[{"href":"https:\/\/dirtyoldman.blog\/fi\/wp-json\/wp\/v2\/types\/page"}],"author":[{"embeddable":true,"href":"https:\/\/dirtyoldman.blog\/fi\/wp-json\/wp\/v2\/users\/1"}],"replies":[{"embeddable":true,"href":"https:\/\/dirtyoldman.blog\/fi\/wp-json\/wp\/v2\/comments?post=23"}],"version-history":[{"count":0,"href":"https:\/\/dirtyoldman.blog\/fi\/wp-json\/wp\/v2\/pages\/23\/revisions"}],"wp:attachment":[{"href":"https:\/\/dirtyoldman.blog\/fi\/wp-json\/wp\/v2\/media?parent=23"}],"curies":[{"name":"wp","href":"https:\/\/api.w.org\/{rel}","templated":true}]}}